{"id":578,"date":"2025-05-27T10:12:40","date_gmt":"2025-05-27T08:12:40","guid":{"rendered":"https:\/\/www.sonora-youth.ch\/?page_id=578"},"modified":"2025-05-27T10:17:01","modified_gmt":"2025-05-27T08:17:01","slug":"mentions-legales","status":"publish","type":"page","link":"https:\/\/www.sonora-youth.ch\/fr\/impressum\/","title":{"rendered":"Mentions l\u00e9gales"},"content":{"rendered":"<div data-elementor-type=\"wp-page\" data-elementor-id=\"578\" class=\"elementor elementor-578\" data-elementor-post-type=\"page\">\n\t\t\t\t<div class=\"elementor-element elementor-element-47cef0a e-flex e-con-boxed e-con e-parent\" data-id=\"47cef0a\" data-element_type=\"container\" data-e-type=\"container\">\n\t\t\t\t\t<div class=\"e-con-inner\">\n\t\t<div class=\"elementor-element elementor-element-a098694 e-con-full e-flex e-con e-child\" data-id=\"a098694\" data-element_type=\"container\" data-e-type=\"container\">\n\t\t\t\t<div class=\"elementor-element elementor-element-13a145e elementor-widget elementor-widget-text-editor\" data-id=\"13a145e\" data-element_type=\"widget\" data-e-type=\"widget\" data-widget_type=\"text-editor.default\">\n\t\t\t\t<div class=\"elementor-widget-container\">\n\t\t\t\t\t\t\t\t\t<h2>Informations de contact<\/h2><p>Sonora Youth GmbH<br \/>3, rue Warpel<br \/>3186 Guin<\/p><p><strong>T\u00e9l\u00e9phone : <\/strong><a href=\"tel:+41264920221\">+41 26 492 02 21<\/a><br \/><strong>Courrier \u00e9lectronique<\/strong>: <a href=\"mailto:info@sonora-youth.ch\">info@sonora-youth.ch<\/a><\/p>\t\t\t\t\t\t\t\t<\/div>\n\t\t\t\t<\/div>\n\t\t\t\t<div class=\"elementor-element elementor-element-b3adc80 elementor-widget elementor-widget-text-editor\" data-id=\"b3adc80\" data-element_type=\"widget\" data-e-type=\"widget\" data-widget_type=\"text-editor.default\">\n\t\t\t\t<div class=\"elementor-widget-container\">\n\t\t\t\t\t\t\t\t\t<h2>Direction<\/h2><p>Caroline Christine Wyss-Hoover<\/p>\t\t\t\t\t\t\t\t<\/div>\n\t\t\t\t<\/div>\n\t\t\t\t<div class=\"elementor-element elementor-element-d7fcc6e elementor-widget elementor-widget-text-editor\" data-id=\"d7fcc6e\" data-element_type=\"widget\" data-e-type=\"widget\" data-widget_type=\"text-editor.default\">\n\t\t\t\t<div class=\"elementor-widget-container\">\n\t\t\t\t\t\t\t\t\t<h2>Informations sur l'entreprise<\/h2><p><strong>RH<\/strong>: CH-217-3580932-1<\/p><p><strong>TVA<\/strong>: CHE-433.382.733 TVA<\/p>\t\t\t\t\t\t\t\t<\/div>\n\t\t\t\t<\/div>\n\t\t\t\t<\/div>\n\t\t<div class=\"elementor-element elementor-element-0f533ed e-con-full e-flex e-con e-child\" data-id=\"0f533ed\" data-element_type=\"container\" data-e-type=\"container\">\n\t\t\t\t<div class=\"elementor-element elementor-element-386c31c elementor-widget elementor-widget-text-editor\" data-id=\"386c31c\" data-element_type=\"widget\" data-e-type=\"widget\" data-widget_type=\"text-editor.default\">\n\t\t\t\t<div class=\"elementor-widget-container\">\n\t\t\t\t\t\t\t\t\t<h2>R\u00e9f\u00e9rences et liens<\/h2>\nLes contenus des liens externes ne sont pas v\u00e9rifi\u00e9s par nos soins. Ils rel\u00e8vent de la responsabilit\u00e9 des fournisseurs respectifs.\t\t\t\t\t\t\t\t<\/div>\n\t\t\t\t<\/div>\n\t\t\t\t<div class=\"elementor-element elementor-element-6e8694b elementor-widget elementor-widget-text-editor\" data-id=\"6e8694b\" data-element_type=\"widget\" data-e-type=\"widget\" data-widget_type=\"text-editor.default\">\n\t\t\t\t<div class=\"elementor-widget-container\">\n\t\t\t\t\t\t\t\t\t<h2>Droits d'utilisation<\/h2><p>Toutes les informations et illustrations publi\u00e9es sur ce site sont prot\u00e9g\u00e9es par les droits d'auteur. Toute utilisation non autoris\u00e9e par la loi sur le droit d'auteur (LDA) n\u00e9cessite l'accord \u00e9crit pr\u00e9alable de Sonora Youth GmbH.<\/p>\t\t\t\t\t\t\t\t<\/div>\n\t\t\t\t<\/div>\n\t\t\t\t<\/div>\n\t\t\t\t\t<\/div>\n\t\t\t\t<\/div>\n\t\t\t\t<\/div>","protected":false},"excerpt":{"rendered":"<p>Kontaktinfos Sonora Youth GmbHWarpelstrasse 33186 D\u00fcdingen Telefon: +41 26 492 02 21E-Mail: info@sonora-youth.ch Gesch\u00e4ftsleitung Caroline Christine Wyss-Hoover Firmeninfos HR: CH-217-3580932-1 MWST: CHE-433.382.733 MWST Referenzen und Links Die Inhalte externer Links werden von uns nicht gepr\u00fcft. Sie unterliegen der Haftung der jeweiligen Anbieter. Nutzungsrechte Alle auf dieser Webseite ver\u00f6ffentlichten Informationen und Abbildungen sind urheber\u00adrechtlich gesch\u00fctzt. Jede [&hellip;]<\/p>\n","protected":false},"author":1,"featured_media":0,"parent":0,"menu_order":0,"comment_status":"closed","ping_status":"closed","template":"elementor_header_footer","meta":{"_acf_changed":false,"footnotes":""},"class_list":["post-578","page","type-page","status-publish","hentry"],"acf":[],"_links":{"self":[{"href":"https:\/\/www.sonora-youth.ch\/fr\/wp-json\/wp\/v2\/pages\/578","targetHints":{"allow":["GET"]}}],"collection":[{"href":"https:\/\/www.sonora-youth.ch\/fr\/wp-json\/wp\/v2\/pages"}],"about":[{"href":"https:\/\/www.sonora-youth.ch\/fr\/wp-json\/wp\/v2\/types\/page"}],"author":[{"embeddable":true,"href":"https:\/\/www.sonora-youth.ch\/fr\/wp-json\/wp\/v2\/users\/1"}],"replies":[{"embeddable":true,"href":"https:\/\/www.sonora-youth.ch\/fr\/wp-json\/wp\/v2\/comments?post=578"}],"version-history":[{"count":0,"href":"https:\/\/www.sonora-youth.ch\/fr\/wp-json\/wp\/v2\/pages\/578\/revisions"}],"wp:attachment":[{"href":"https:\/\/www.sonora-youth.ch\/fr\/wp-json\/wp\/v2\/media?parent=578"}],"curies":[{"name":"wp","href":"https:\/\/api.w.org\/{rel}","templated":true}]}}